{"id":972,"date":"2024-09-27T20:04:18","date_gmt":"2024-09-27T20:04:18","guid":{"rendered":"https:\/\/www.laboratorstiintecognitiveclinice.ro\/?page_id=972"},"modified":"2024-11-20T10:01:44","modified_gmt":"2024-11-20T10:01:44","slug":"vladandreilupu","status":"publish","type":"page","link":"https:\/\/www.laboratorstiintecognitiveclinice.ro\/en\/vladandreilupu\/","title":{"rendered":"Vlad Andrei Lupu"},"content":{"rendered":"<p>[et_pb_section fb_built=&#8221;1&#8243; admin_label=&#8221;Header&#8221; _builder_version=&#8221;4.27.0&#8243; _module_preset=&#8221;default&#8221; background_color=&#8221;#e0e0e0&#8243; use_background_color_gradient=&#8221;on&#8221; background_color_gradient_direction=&#8221;90deg&#8221; background_color_gradient_stops=&#8221;rgba(255,255,255,0.12) 0%|rgba(188, 195, 199, 0.36) 27%|rgba(74, 93, 104, 0.76) 73%|#072130 100%&#8221; custom_padding=&#8221;||3px|||&#8221; background_last_edited=&#8221;on|tablet&#8221; background_color_gradient_direction_tablet=&#8221;180deg&#8221; collapsed=&#8221;on&#8221; global_colors_info=&#8221;{}&#8221;][et_pb_row column_structure=&#8221;1_2,1_2&#8243; _builder_version=&#8221;4.25.0&#8243; _module_preset=&#8221;default&#8221; max_width=&#8221;1280px&#8221; global_colors_info=&#8221;{}&#8221;][et_pb_column type=&#8221;1_2&#8243; _builder_version=&#8221;4.25.0&#8243; _module_preset=&#8221;default&#8221; global_colors_info=&#8221;{}&#8221;][et_pb_image src=&#8221;https:\/\/www.laboratorstiintecognitiveclinice.ro\/wp-content\/uploads\/2024\/10\/WhatsApp-Image-2024-10-03-at-23.22.16-1.jpeg&#8221; title_text=&#8221;WhatsApp Image 2024-10-03 at 23.22.16 (1)&#8221; _builder_version=&#8221;4.27.0&#8243; _module_preset=&#8221;default&#8221; width=&#8221;89%&#8221; max_height_tablet=&#8221;400px&#8221; max_height_phone=&#8221;400px&#8221; max_height_last_edited=&#8221;on|tablet&#8221; border_radii=&#8221;on|6px|6px|6px|6px&#8221; locked=&#8221;off&#8221; global_colors_info=&#8221;{}&#8221;][\/et_pb_image][et_pb_heading title=&#8221;lupu.d.vlad-andrei.l19@s.fpse.unibuc.ro&#8221; _builder_version=&#8221;4.27.0&#8243; _module_preset=&#8221;f880fdc6-9c60-479f-9bc2-b0ab84c7245a&#8221; title_text_color=&#8221;#FFFFFF&#8221; title_font_size=&#8221;20px&#8221; locked=&#8221;off&#8221; global_colors_info=&#8221;{}&#8221;][\/et_pb_heading][et_pb_button button_url=&#8221;https:\/\/www.laboratorstiintecognitiveclinice.ro\/wp-content\/uploads\/2024\/10\/Lupu-Vlad-Andrei_CV.pdf&#8221; button_text=&#8221;Vezi CV&#8221; _builder_version=&#8221;4.27.0&#8243; _module_preset=&#8221;26a536fe-0db4-484b-9c57-b9d7fceffce6&#8243; button_bg_color=&#8221;#16264a&#8221; global_colors_info=&#8221;{}&#8221;][\/et_pb_button][\/et_pb_column][et_pb_column type=&#8221;1_2&#8243; _builder_version=&#8221;4.25.0&#8243; _module_preset=&#8221;default&#8221; custom_padding=&#8221;60px||60px||true|false&#8221; custom_padding_tablet=&#8221;0px||0px||true|false&#8221; custom_padding_phone=&#8221;0px||0px||true|false&#8221; custom_padding_last_edited=&#8221;on|desktop&#8221; global_colors_info=&#8221;{}&#8221;][et_pb_heading title=&#8221;Membru&#8221; _builder_version=&#8221;4.27.2&#8243; _module_preset=&#8221;3602b2c5-9a83-4bca-a6aa-fd1184321ad5&#8243; title_text_color=&#8221;#FFFFFF&#8221; custom_margin=&#8221;||10px||false|false&#8221; locked=&#8221;off&#8221; global_colors_info=&#8221;{}&#8221;][\/et_pb_heading][et_pb_heading title=&#8221;Vlad Andrei Lupu&#8221; _builder_version=&#8221;4.27.0&#8243; _module_preset=&#8221;9bf35412-e1f5-4553-93fb-7ec54120b8c9&#8243; title_text_color=&#8221;#FFFFFF&#8221; custom_margin=&#8221;||10px||false|false&#8221; locked=&#8221;off&#8221; global_colors_info=&#8221;{}&#8221;][\/et_pb_heading][et_pb_text _builder_version=&#8221;4.27.0&#8243; _module_preset=&#8221;default&#8221; text_text_color=&#8221;#FFFFFF&#8221; text_font_size=&#8221;17px&#8221; header_font_size=&#8221;45px&#8221; custom_padding=&#8221;||0px|||&#8221; global_colors_info=&#8221;{}&#8221;]<\/p>\n<p>My name is Lupu Vlad-Andrei, and I am a recently admitted doctoral student at the Interdisciplinary Doctoral School of the University of Bucharest.<\/p>\n<p>My thesis will focus on the effect of remote work on mental health, using interdisciplinary methods such as Data Mining, Natural Language Processing, and Machine Learning. At the same time, occupational health has become a research area that I am passionate about in recent years.<\/p>\n<p>I joined the Laboratory of Cognitive Clinical Sciences in May 2021, motivated by the desire to promote psychology on solid scientific foundations and to contribute to high-quality research in the field.<\/p>\n<p>I aspire to a career in academia, embracing the scientist-practitioner model.<\/p>\n<p>[\/et_pb_text][\/et_pb_column][\/et_pb_row][\/et_pb_section][et_pb_section fb_built=&#8221;1&#8243; admin_label=&#8221;Work Experience&#8221; _builder_version=&#8221;4.25.0&#8243; _module_preset=&#8221;default&#8221; custom_margin=&#8221;||-25px|||&#8221; custom_padding=&#8221;16px||0px|||&#8221; locked=&#8221;off&#8221; collapsed=&#8221;on&#8221; global_colors_info=&#8221;{}&#8221;][et_pb_row _builder_version=&#8221;4.25.0&#8243; _module_preset=&#8221;default&#8221; max_width=&#8221;1280px&#8221; custom_margin=&#8221;-31px|auto||auto||&#8221; custom_padding=&#8221;||2px|||&#8221; global_colors_info=&#8221;{}&#8221;][et_pb_column type=&#8221;4_4&#8243; _builder_version=&#8221;4.25.0&#8243; _module_preset=&#8221;default&#8221; global_colors_info=&#8221;{}&#8221;][et_pb_heading title=&#8221;Activitate&#8221; _builder_version=&#8221;4.27.0&#8243; _module_preset=&#8221;2b3bec52-371d-45dc-92c9-19d44490b660&#8243; global_colors_info=&#8221;{}&#8221;][\/et_pb_heading][\/et_pb_column][\/et_pb_row][et_pb_row column_structure=&#8221;1_3,2_3&#8243; _builder_version=&#8221;4.25.0&#8243; _module_preset=&#8221;default&#8221; max_width=&#8221;1280px&#8221; custom_padding=&#8221;9px||37px|||&#8221; global_colors_info=&#8221;{}&#8221; custom_margin=&#8221;|auto|-13px|auto||&#8221;][et_pb_column type=&#8221;1_3&#8243; _builder_version=&#8221;4.25.0&#8243; _module_preset=&#8221;default&#8221; global_colors_info=&#8221;{}&#8221;][et_pb_heading title=&#8221;2024 &#8211; Prezent&#8221; _builder_version=&#8221;4.27.0&#8243; _module_preset=&#8221;f880fdc6-9c60-479f-9bc2-b0ab84c7245a&#8221; global_colors_info=&#8221;{}&#8221; custom_margin=&#8221;||-33px||false|false&#8221;][\/et_pb_heading][\/et_pb_column][et_pb_column type=&#8221;2_3&#8243; _builder_version=&#8221;4.25.0&#8243; _module_preset=&#8221;default&#8221; global_colors_info=&#8221;{}&#8221;][et_pb_heading title=&#8221;Studii doctorat la \u0218coala Doctoral\u0103 Interdisciplinar\u0103 (ISDS-UB)&#8221; _builder_version=&#8221;4.27.0&#8243; _module_preset=&#8221;f0a82864-0ea3-4aed-95fa-501c8b871492&#8243; custom_margin=&#8221;||0px||false|false&#8221; global_colors_info=&#8221;{}&#8221;][\/et_pb_heading][et_pb_text quote_border_color=&#8221;#16264a&#8221; _builder_version=&#8221;4.27.0&#8243; _module_preset=&#8221;f2832291-6a92-4723-a256-9500eb19f9cc&#8221; link_text_color=&#8221;#16264a&#8221; global_colors_info=&#8221;{}&#8221;]<\/p>\n<p>Faculty of Psychology and Educational Sciences, University of Bucharest<\/p>\n<p>[\/et_pb_text][\/et_pb_column][\/et_pb_row][et_pb_row column_structure=&#8221;1_3,2_3&#8243; _builder_version=&#8221;4.25.0&#8243; _module_preset=&#8221;default&#8221; max_width=&#8221;1280px&#8221; custom_margin=&#8221;|auto|-4px|auto||&#8221; custom_padding=&#8221;3px||34px|||&#8221; global_colors_info=&#8221;{}&#8221;][et_pb_column type=&#8221;1_3&#8243; _builder_version=&#8221;4.25.0&#8243; _module_preset=&#8221;default&#8221; global_colors_info=&#8221;{}&#8221;][et_pb_heading title=&#8221;2022 &#8211; 2024&#8243; _builder_version=&#8221;4.27.0&#8243; _module_preset=&#8221;f880fdc6-9c60-479f-9bc2-b0ab84c7245a&#8221; global_colors_info=&#8221;{}&#8221; custom_margin=&#8221;||-31px||false|false&#8221;][\/et_pb_heading][\/et_pb_column][et_pb_column type=&#8221;2_3&#8243; _builder_version=&#8221;4.25.0&#8243; _module_preset=&#8221;default&#8221; global_colors_info=&#8221;{}&#8221;][et_pb_heading title=&#8221;Master Psihologie&#8221; _builder_version=&#8221;4.27.0&#8243; _module_preset=&#8221;f0a82864-0ea3-4aed-95fa-501c8b871492&#8243; custom_margin=&#8221;||0px||false|false&#8221; global_colors_info=&#8221;{}&#8221;][\/et_pb_heading][et_pb_text quote_border_color=&#8221;#16264a&#8221; _builder_version=&#8221;4.27.0&#8243; _module_preset=&#8221;f2832291-6a92-4723-a256-9500eb19f9cc&#8221; link_text_color=&#8221;#16264a&#8221; global_colors_info=&#8221;{}&#8221;]<\/p>\n<p>Faculty of Psychology and Educational Sciences, University of Bucharest<\/p>\n<p>[\/et_pb_text][\/et_pb_column][\/et_pb_row][et_pb_row column_structure=&#8221;1_3,2_3&#8243; _builder_version=&#8221;4.25.0&#8243; _module_preset=&#8221;default&#8221; max_width=&#8221;1280px&#8221; custom_margin=&#8221;|auto|37px|auto||&#8221; custom_padding=&#8221;9px||9px|||&#8221; global_colors_info=&#8221;{}&#8221;][et_pb_column type=&#8221;1_3&#8243; _builder_version=&#8221;4.25.0&#8243; _module_preset=&#8221;default&#8221; global_colors_info=&#8221;{}&#8221;][et_pb_heading title=&#8221;2019 &#8211; 2022&#8243; _builder_version=&#8221;4.27.0&#8243; _module_preset=&#8221;f880fdc6-9c60-479f-9bc2-b0ab84c7245a&#8221; global_colors_info=&#8221;{}&#8221; custom_margin=&#8221;||-35px||false|false&#8221;][\/et_pb_heading][\/et_pb_column][et_pb_column type=&#8221;2_3&#8243; _builder_version=&#8221;4.25.0&#8243; _module_preset=&#8221;default&#8221; global_colors_info=&#8221;{}&#8221;][et_pb_heading title=&#8221;Licen\u021b\u0103 Psihologie&#8221; _builder_version=&#8221;4.27.0&#8243; _module_preset=&#8221;f0a82864-0ea3-4aed-95fa-501c8b871492&#8243; custom_margin=&#8221;||0px||false|false&#8221; global_colors_info=&#8221;{}&#8221;][\/et_pb_heading][et_pb_text quote_border_color=&#8221;#16264a&#8221; _builder_version=&#8221;4.27.0&#8243; _module_preset=&#8221;f2832291-6a92-4723-a256-9500eb19f9cc&#8221; link_text_color=&#8221;#16264a&#8221; global_colors_info=&#8221;{}&#8221;]<\/p>\n<p>Facultatea de Psihologie \u015fi \u015etiin\u0163e ale Educa\u0163iei, Universitatea din Bucure\u0219ti<\/p>\n<p>[\/et_pb_text][\/et_pb_column][\/et_pb_row][\/et_pb_section][et_pb_section fb_built=&#8221;1&#8243; admin_label=&#8221;Header&#8221; _builder_version=&#8221;4.27.0&#8243; _module_preset=&#8221;default&#8221; background_color=&#8221;#e0e0e0&#8243; use_background_color_gradient=&#8221;on&#8221; background_color_gradient_direction=&#8221;90deg&#8221; background_color_gradient_stops=&#8221;rgba(255,255,255,0.12) 0%|#072130 0%|rgba(74, 93, 104, 0.76) 100%|rgba(188, 195, 199, 0.36) 100%|rgba(74, 93, 104, 0.76) 100%&#8221; custom_margin=&#8221;48px|||||&#8221; custom_padding=&#8221;18px||3px|||&#8221; background_last_edited=&#8221;on|tablet&#8221; background_color_gradient_direction_tablet=&#8221;180deg&#8221; collapsed=&#8221;on&#8221; global_colors_info=&#8221;{}&#8221;][et_pb_row _builder_version=&#8221;4.25.0&#8243; _module_preset=&#8221;default&#8221; max_width=&#8221;1280px&#8221; custom_margin=&#8221;-5px|auto||auto||&#8221; custom_padding=&#8221;1px||2px|||&#8221; global_colors_info=&#8221;{}&#8221;][et_pb_column type=&#8221;4_4&#8243; _builder_version=&#8221;4.25.0&#8243; _module_preset=&#8221;default&#8221; global_colors_info=&#8221;{}&#8221;][et_pb_heading title=&#8221;Conferin\u021be&#8221; _builder_version=&#8221;4.27.0&#8243; _module_preset=&#8221;2b3bec52-371d-45dc-92c9-19d44490b660&#8243; title_text_color=&#8221;#FFFFFF&#8221; min_height=&#8221;71.4px&#8221; custom_margin=&#8221;||-21px|||&#8221; custom_padding=&#8221;17px|||||&#8221; global_colors_info=&#8221;{}&#8221;][\/et_pb_heading][\/et_pb_column][\/et_pb_row][et_pb_row _builder_version=&#8221;4.27.0&#8243; _module_preset=&#8221;default&#8221; max_width=&#8221;1280px&#8221; custom_margin=&#8221;|auto|4px|auto||&#8221; global_colors_info=&#8221;{}&#8221;][et_pb_column type=&#8221;4_4&#8243; _builder_version=&#8221;4.25.0&#8243; _module_preset=&#8221;default&#8221; global_colors_info=&#8221;{}&#8221;][et_pb_heading title=&#8221;Cyberchondria: Stadiul Curent al literaturii \u0219i abord\u0103ri specifice. Conferin\u021ba Na\u021bional\u0103 a Asocia\u021biei Psihologilor din Rom\u00e2nia, Rom\u00e2nia, 2021&#8243; _builder_version=&#8221;4.27.2&#8243; _module_preset=&#8221;f0a82864-0ea3-4aed-95fa-501c8b871492&#8243; title_text_color=&#8221;#FFFFFF&#8221; custom_margin=&#8221;||0px||false|false&#8221; custom_padding=&#8221;||7px|||&#8221; global_colors_info=&#8221;{}&#8221;][\/et_pb_heading][et_pb_heading title=&#8221;Conflictul munc\u0103-familie \u0219i s\u0103n\u0103tatea mintal\u0103: O meta-analiz\u0103. Conferin\u021ba Na\u021bional\u0103 a Asocia\u021biei Psihologilor din Rom\u00e2nia, Rom\u00e2nia, 2023&#8243; _builder_version=&#8221;4.27.2&#8243; _module_preset=&#8221;f0a82864-0ea3-4aed-95fa-501c8b871492&#8243; title_text_color=&#8221;#FFFFFF&#8221; custom_margin=&#8221;||0px||false|false&#8221; global_colors_info=&#8221;{}&#8221;][\/et_pb_heading][\/et_pb_column][\/et_pb_row][\/et_pb_section][et_pb_section fb_built=&#8221;1&#8243; admin_label=&#8221;Work Experience&#8221; _builder_version=&#8221;4.25.0&#8243; _module_preset=&#8221;default&#8221; custom_margin=&#8221;||-41px|||&#8221; custom_padding=&#8221;16px||0px|||&#8221; locked=&#8221;off&#8221; collapsed=&#8221;on&#8221; global_colors_info=&#8221;{}&#8221;][et_pb_row _builder_version=&#8221;4.25.0&#8243; _module_preset=&#8221;default&#8221; max_width=&#8221;1280px&#8221; custom_margin=&#8221;-31px|auto||auto||&#8221; custom_padding=&#8221;||2px|||&#8221; global_colors_info=&#8221;{}&#8221;][et_pb_column type=&#8221;4_4&#8243; _builder_version=&#8221;4.25.0&#8243; _module_preset=&#8221;default&#8221; global_colors_info=&#8221;{}&#8221;][et_pb_heading title=&#8221;Interese de Cercetare&#8221; _builder_version=&#8221;4.27.0&#8243; _module_preset=&#8221;2b3bec52-371d-45dc-92c9-19d44490b660&#8243; custom_margin=&#8221;8px||-15px|||&#8221; global_colors_info=&#8221;{}&#8221;][\/et_pb_heading][\/et_pb_column][\/et_pb_row][et_pb_row _builder_version=&#8221;4.27.0&#8243; _module_preset=&#8221;default&#8221; max_width=&#8221;1280px&#8221; custom_padding=&#8221;||37px|||&#8221; global_colors_info=&#8221;{}&#8221;][et_pb_column type=&#8221;4_4&#8243; _builder_version=&#8221;4.25.0&#8243; _module_preset=&#8221;default&#8221; global_colors_info=&#8221;{}&#8221;][et_pb_heading title=&#8221;S\u0103n\u0103tate ocupa\u021bional\u0103 &#8221; _builder_version=&#8221;4.27.0&#8243; _module_preset=&#8221;f0a82864-0ea3-4aed-95fa-501c8b871492&#8243; title_font_size=&#8221;31px&#8221; custom_margin=&#8221;||0px||false|false&#8221; global_colors_info=&#8221;{}&#8221;][\/et_pb_heading][et_pb_heading title=&#8221;Conflict munc\u0103-familie&#8221; _builder_version=&#8221;4.27.0&#8243; _module_preset=&#8221;f0a82864-0ea3-4aed-95fa-501c8b871492&#8243; title_font_size=&#8221;31px&#8221; custom_margin=&#8221;||0px||false|false&#8221; global_colors_info=&#8221;{}&#8221;][\/et_pb_heading][et_pb_heading title=&#8221;Munca remote \u0219i impactul ei asupra s\u0103n\u0103t\u0103\u021bii mintale&#8221; _builder_version=&#8221;4.27.0&#8243; _module_preset=&#8221;f0a82864-0ea3-4aed-95fa-501c8b871492&#8243; title_font_size=&#8221;31px&#8221; custom_margin=&#8221;||23px||false|false&#8221; global_colors_info=&#8221;{}&#8221;][\/et_pb_heading][\/et_pb_column][\/et_pb_row][\/et_pb_section][et_pb_section fb_built=&#8221;1&#8243; _builder_version=&#8221;4.27.0&#8243; _module_preset=&#8221;default&#8221; background_color=&#8221;#072130&#8243; min_height=&#8221;757.3px&#8221; custom_margin=&#8221;6px||-1px|||&#8221; custom_padding=&#8221;51px||7px|||&#8221; global_colors_info=&#8221;{}&#8221;][et_pb_row _builder_version=&#8221;4.27.0&#8243; _module_preset=&#8221;default&#8221; custom_margin=&#8221;-42px|auto|7px|auto||&#8221; custom_padding=&#8221;||6px|||&#8221; global_colors_info=&#8221;{}&#8221;][et_pb_column type=&#8221;4_4&#8243; _builder_version=&#8221;4.27.0&#8243; _module_preset=&#8221;default&#8221; global_colors_info=&#8221;{}&#8221;][et_pb_heading title=&#8221;Laboratorul de \u0218tiin\u021be Cognitive Clinice&#8221; _builder_version=&#8221;4.27.0&#8243; _module_preset=&#8221;4bbf3143-f9ee-4456-8136-69313a9d3911&#8243; title_text_align=&#8221;center&#8221; title_text_color=&#8221;gcid-4c79ba3d-a281-4fb6-9b14-02f9a4c793f2&#8243; custom_margin=&#8221;-17px||-27px||false|false&#8221; custom_padding=&#8221;||0px|||&#8221; global_colors_info=&#8221;{%22gcid-4c79ba3d-a281-4fb6-9b14-02f9a4c793f2%22:%91%22title_text_color%22%93}&#8221;][\/et_pb_heading][\/et_pb_column][\/et_pb_row][et_pb_row column_structure=&#8221;1_3,1_3,1_3&#8243; _builder_version=&#8221;4.27.0&#8243; _module_preset=&#8221;default&#8221; width=&#8221;45%&#8221; custom_margin=&#8221;-15px|auto||auto||&#8221; custom_padding=&#8221;4px||5px|||&#8221; global_colors_info=&#8221;{}&#8221;][et_pb_column type=&#8221;1_3&#8243; _builder_version=&#8221;4.27.0&#8243; _module_preset=&#8221;default&#8221; global_colors_info=&#8221;{}&#8221;][et_pb_image src=&#8221;https:\/\/www.laboratorstiintecognitiveclinice.ro\/wp-content\/uploads\/2024\/09\/Logo-NOU-LSCC_2024_alb.png&#8221; title_text=&#8221;Logo NOU LSCC_2024_alb&#8221; _builder_version=&#8221;4.27.0&#8243; _module_preset=&#8221;default&#8221; custom_margin=&#8221;11px||-114px|||&#8221; global_colors_info=&#8221;{}&#8221;][\/et_pb_image][\/et_pb_column][et_pb_column type=&#8221;1_3&#8243; _builder_version=&#8221;4.27.0&#8243; _module_preset=&#8221;default&#8221; global_colors_info=&#8221;{}&#8221;][et_pb_image src=&#8221;https:\/\/www.laboratorstiintecognitiveclinice.ro\/wp-content\/uploads\/2024\/09\/Logo-UB-orizontal-ALB-limba-romana_116.png&#8221; title_text=&#8221;Logo-UB-orizontal-ALB-limba-romana_116&#8243; _builder_version=&#8221;4.27.0&#8243; _module_preset=&#8221;default&#8221; custom_margin=&#8221;||-82px|||&#8221; custom_padding=&#8221;0px|||||&#8221; global_colors_info=&#8221;{}&#8221;][\/et_pb_image][\/et_pb_column][et_pb_column type=&#8221;1_3&#8243; _builder_version=&#8221;4.27.0&#8243; _module_preset=&#8221;default&#8221; global_colors_info=&#8221;{}&#8221;][et_pb_image src=&#8221;https:\/\/www.laboratorstiintecognitiveclinice.ro\/wp-content\/uploads\/2024\/11\/WhatsApp_Image_2024-11-11_at_18.51.29-removebg-preview-1.png&#8221; title_text=&#8221;WhatsApp_Image_2024-11-11_at_18.51.29-removebg-preview (1)&#8221; url=&#8221;https:\/\/mindcareforall.com\/&#8221; _builder_version=&#8221;4.27.2&#8243; _module_preset=&#8221;default&#8221; custom_margin=&#8221;17px|||||&#8221; global_colors_info=&#8221;{}&#8221;][\/et_pb_image][\/et_pb_column][\/et_pb_row][et_pb_row _builder_version=&#8221;4.27.0&#8243; _module_preset=&#8221;default&#8221; custom_padding=&#8221;8px|||||&#8221; global_colors_info=&#8221;{}&#8221;][et_pb_column type=&#8221;4_4&#8243; _builder_version=&#8221;4.27.0&#8243; _module_preset=&#8221;default&#8221; global_colors_info=&#8221;{}&#8221;][et_pb_text _builder_version=&#8221;4.27.0&#8243; _module_preset=&#8221;default&#8221; text_text_color=&#8221;#FFFFFF&#8221; text_font_size=&#8221;17px&#8221; text_orientation=&#8221;center&#8221; custom_margin=&#8221;-51px|||||&#8221; custom_padding=&#8221;14px|||||&#8221; global_colors_info=&#8221;{}&#8221;]<\/p>\n<p><strong>Location:<\/strong> <span>Bulevardul Iuliu Maniu, nr. 1-3, Corp A, et. 5, camera 522, sector 6, Bucure\u0219ti.<\/span><\/p>\n<p><span><strong>Email Address<\/strong> <a href=\"https:\/\/www.laboratorstiintecognitiveclinice.ro\/en\/\"><span class=\"elementor-icon-list-text\">labstiintecognitiveclinice@gmail.com<\/span><\/a><\/span><\/p>\n<p>[\/et_pb_text][\/et_pb_column][\/et_pb_row][et_pb_row _builder_version=&#8221;4.27.0&#8243; _module_preset=&#8221;default&#8221; custom_margin=&#8221;|auto|-4px|auto||&#8221; custom_padding=&#8221;4px|||||&#8221; global_colors_info=&#8221;{}&#8221;][et_pb_column type=&#8221;4_4&#8243; _builder_version=&#8221;4.27.0&#8243; _module_preset=&#8221;default&#8221; global_colors_info=&#8221;{}&#8221;][et_pb_button button_url=&#8221;https:\/\/www.laboratorstiintecognitiveclinice.ro\/privacy-policy\/&#8221; button_text=&#8221;Politic\u0103 de Confiden\u021bialitate&#8221; button_alignment=&#8221;center&#8221; _builder_version=&#8221;4.27.0&#8243; _module_preset=&#8221;default&#8221; global_colors_info=&#8221;{}&#8221;][\/et_pb_button][\/et_pb_column][\/et_pb_row][et_pb_row _builder_version=&#8221;4.27.0&#8243; _module_preset=&#8221;default&#8221; custom_margin=&#8221;|auto|-24px|auto||&#8221; custom_padding=&#8221;||77px|||&#8221; global_colors_info=&#8221;{}&#8221;][et_pb_column type=&#8221;4_4&#8243; _builder_version=&#8221;4.27.0&#8243; _module_preset=&#8221;default&#8221; global_colors_info=&#8221;{}&#8221;][et_pb_social_media_follow use_icon_font_size=&#8221;on&#8221; icon_font_size=&#8221;39px&#8221; _builder_version=&#8221;4.27.2&#8243; _module_preset=&#8221;default&#8221; text_orientation=&#8221;center&#8221; custom_margin=&#8221;-22px||-164px|||&#8221; custom_padding=&#8221;||0px|||&#8221; global_colors_info=&#8221;{}&#8221;][et_pb_social_media_follow_network social_network=&#8221;facebook&#8221; url=&#8221;https:\/\/web.facebook.com\/StiinteCognitiveCliniceUB&#8221; _builder_version=&#8221;4.27.0&#8243; _module_preset=&#8221;default&#8221; background_color=&#8221;#3b5998&#8243; global_colors_info=&#8221;{}&#8221; follow_button=&#8221;off&#8221; url_new_window=&#8221;on&#8221;]facebook[\/et_pb_social_media_follow_network][et_pb_social_media_follow_network social_network=&#8221;instagram&#8221; url=&#8221;https:\/\/www.instagram.com\/labstiintecognitiveclinice\/?next=%2Fp%2FCz3u5ZnORxV%2F&#8221; _builder_version=&#8221;4.27.0&#8243; _module_preset=&#8221;default&#8221; background_color=&#8221;#ea2c59&#8243; global_colors_info=&#8221;{}&#8221; follow_button=&#8221;off&#8221; url_new_window=&#8221;on&#8221;]instagram[\/et_pb_social_media_follow_network][et_pb_social_media_follow_network social_network=&#8221;youtube&#8221; url=&#8221;https:\/\/www.youtube.com\/@cognitalk267&#8243; _builder_version=&#8221;4.27.0&#8243; _module_preset=&#8221;default&#8221; background_color=&#8221;#a82400&#8243; global_colors_info=&#8221;{}&#8221; follow_button=&#8221;off&#8221; url_new_window=&#8221;on&#8221;]youtube[\/et_pb_social_media_follow_network][\/et_pb_social_media_follow][\/et_pb_column][\/et_pb_row][\/et_pb_section]<\/p>","protected":false},"excerpt":{"rendered":"<p>Numele meu este Lupu Vlad-Andrei \u0219i sunt proasp\u0103t doctorand \u00een cadrul \u0218colii Doctorale Interdisciplinare din cadrul Universit\u0103\u021bii Bucure\u0219ti. Teza mea se va centra pe efectul muncii remote asupra s\u0103n\u0103t\u0103\u021bii mintale [&hellip;]<\/p>","protected":false},"author":1,"featured_media":0,"parent":0,"menu_order":0,"comment_status":"closed","ping_status":"closed","template":"","meta":{"_et_pb_use_builder":"on","_et_pb_old_content":"","_et_gb_content_width":"","footnotes":""},"class_list":["post-972","page","type-page","status-publish","hentry"],"_links":{"self":[{"href":"https:\/\/www.laboratorstiintecognitiveclinice.ro\/en\/wp-json\/wp\/v2\/pages\/972","targetHints":{"allow":["GET"]}}],"collection":[{"href":"https:\/\/www.laboratorstiintecognitiveclinice.ro\/en\/wp-json\/wp\/v2\/pages"}],"about":[{"href":"https:\/\/www.laboratorstiintecognitiveclinice.ro\/en\/wp-json\/wp\/v2\/types\/page"}],"author":[{"embeddable":true,"href":"https:\/\/www.laboratorstiintecognitiveclinice.ro\/en\/wp-json\/wp\/v2\/users\/1"}],"replies":[{"embeddable":true,"href":"https:\/\/www.laboratorstiintecognitiveclinice.ro\/en\/wp-json\/wp\/v2\/comments?post=972"}],"version-history":[{"count":17,"href":"https:\/\/www.laboratorstiintecognitiveclinice.ro\/en\/wp-json\/wp\/v2\/pages\/972\/revisions"}],"predecessor-version":[{"id":11064,"href":"https:\/\/www.laboratorstiintecognitiveclinice.ro\/en\/wp-json\/wp\/v2\/pages\/972\/revisions\/11064"}],"wp:attachment":[{"href":"https:\/\/www.laboratorstiintecognitiveclinice.ro\/en\/wp-json\/wp\/v2\/media?parent=972"}],"curies":[{"name":"wp","href":"https:\/\/api.w.org\/{rel}","templated":true}]}}